{"id":15373,"date":"2023-12-13T15:58:53","date_gmt":"2023-12-13T15:58:53","guid":{"rendered":"https:\/\/lemonsjoe.no\/aktiviteter-copy\/"},"modified":"2024-01-23T10:05:52","modified_gmt":"2024-01-23T10:05:52","slug":"aktiviteter-copy","status":"publish","type":"page","link":"https:\/\/lemonsjoe.no\/de\/aktiviteter-copy\/","title":{"rendered":"Kopi av Aktiviteter"},"content":{"rendered":"\n<h1>\n\t\tAktiviteter p\u00e5 Lemonsj\u00f8en\n\t<\/h1>\n\t<p>Jotunheimen og Lemonsj\u00f8en byr p\u00e5 opplevelser og aktiviteter hele \u00e5ret!<\/p>\n<h2>\n\t\tVinter p\u00e5 Lemonsj\u00f8en\n\t<\/h2>\n\t\t\t\t<img decoding=\"async\" data-src=\"https:\/\/lemonsjoe.no\/wp-content\/uploads\/2016\/12\/DSC_2585-Foto-Terje-Rakke-Nordic-Life.jpg\" alt=\"Mot Lemonsj\u00f8en Alpinsenter\" itemprop=\"image\" height=\"1709\" width=\"2560\" title=\"dsc_2585-foto-terje-rakke-nordic-life\" onerror=\"this.style.display='none'\" src=\"data:image\/svg+xml;base64,PHN2ZyB3aWR0aD0iMSIgaGVpZ2h0PSIxIiB4bWxucz0iaHR0cDovL3d3dy53My5vcmcvMjAwMC9zdmciPjwvc3ZnPg==\" class=\"lazyload\" style=\"--smush-placeholder-width: 2560px; --smush-placeholder-aspect-ratio: 2560\/1709;\" \/>\n<h3>\n\t\tLangrenn\n\t<\/h3>\n\t<p>Langrennsmekka rett utafor d\u00f8ra! Nydelig terreng, varierte l\u00f8yper, magisk utsikt som favner Jotunheimen og Rondane.<\/p>\n\t\t\t<a href=\"https:\/\/lemonsjoe.no\/langrenn\/\" target=\"_self\" rel=\"noopener\">\n\t\t\t\t\t\t\tLes mer\n\t\t\t<\/a>\n\t\t\t\t<img decoding=\"async\" data-src=\"https:\/\/lemonsjoe.no\/wp-content\/uploads\/2019\/01\/truger-519-2.jpg\" alt=\"truger-519-2\" itemprop=\"image\" height=\"960\" width=\"1440\" title=\"truger-519-2\" onerror=\"this.style.display='none'\" src=\"data:image\/svg+xml;base64,PHN2ZyB3aWR0aD0iMSIgaGVpZ2h0PSIxIiB4bWxucz0iaHR0cDovL3d3dy53My5vcmcvMjAwMC9zdmciPjwvc3ZnPg==\" class=\"lazyload\" style=\"--smush-placeholder-width: 1440px; --smush-placeholder-aspect-ratio: 1440\/960;\" \/>\n<h3>\n\t\tTruger\n\t<\/h3>\n\t<p>Eventyrlige trugemuligheter! Passer uansett f\u00f8re. F\u00f8lg l\u00f8ypa eller kontakt oss for &#8220;dagens trugetur&#8221; anbefaling&#8230;<\/p>\n\t\t\t<a href=\"https:\/\/lemonsjoe.no\/truger\/\" target=\"_self\" rel=\"noopener\">\n\t\t\t\t\t\t\tLes mer\n\t\t\t<\/a>\n\t\t\t\t<img decoding=\"async\" data-src=\"https:\/\/lemonsjoe.no\/wp-content\/uploads\/2016\/06\/vinter-foto.jpg\" alt=\"vinter-foto\" itemprop=\"image\" height=\"444\" width=\"666\" title=\"vinter-foto\" onerror=\"this.style.display='none'\" src=\"data:image\/svg+xml;base64,PHN2ZyB3aWR0aD0iMSIgaGVpZ2h0PSIxIiB4bWxucz0iaHR0cDovL3d3dy53My5vcmcvMjAwMC9zdmciPjwvc3ZnPg==\" class=\"lazyload\" style=\"--smush-placeholder-width: 666px; --smush-placeholder-aspect-ratio: 666\/444;\" \/>\n<h3>\n\t\tAlpint\n\t<\/h3>\n\t<p>Jotunheimen Lemonsj\u00f8en Alpinsenter byr p\u00e5 flotte bakker, fantastisk utsikt og spretne hopp!<\/p>\n\t\t\t<a href=\"https:\/\/lemonsjoe.no\/lemonsjoen-alpinsenter\/\" target=\"_self\" rel=\"noopener\">\n\t\t\t\t\t\t\tLes mer\n\t\t\t<\/a>\n\t\t\t\t<img decoding=\"async\" data-src=\"https:\/\/lemonsjoe.no\/wp-content\/uploads\/2016\/06\/Terje-e1483460082664.jpg\" alt=\"Foto Terje Rakke \/ Nordic Life\" itemprop=\"image\" height=\"400\" width=\"599\" title=\"Foto Terje Rakke \/ Nordic Life\" onerror=\"this.style.display='none'\" src=\"data:image\/svg+xml;base64,PHN2ZyB3aWR0aD0iMSIgaGVpZ2h0PSIxIiB4bWxucz0iaHR0cDovL3d3dy53My5vcmcvMjAwMC9zdmciPjwvc3ZnPg==\" class=\"lazyload\" style=\"--smush-placeholder-width: 599px; --smush-placeholder-aspect-ratio: 599\/400;\" \/>\n<h3>\n\t\tFjellK\u00f8rling\n\t<\/h3>\n\t<p>Fra \u00d8sterrike til Lemonsj\u00f8en! Moro aktivitet, vi legger til rette for v\u00e5re gjester &#8211; m\u00e5 bestilles p\u00e5 forh\u00e5nd.<\/p>\n\t\t\t<a href=\"https:\/\/lemonsjoe.no\/fjellkorling\/\" target=\"_self\" rel=\"noopener\">\n\t\t\t\t\t\t\tLes mer\n\t\t\t<\/a>\n\t\t\t\t<img decoding=\"async\" data-src=\"https:\/\/lemonsjoe.no\/wp-content\/uploads\/2023\/02\/O83A9199-scaled.jpg\" alt=\"O83A9199\" itemprop=\"image\" height=\"1707\" width=\"2560\" title=\"O83A9199\" onerror=\"this.style.display='none'\" src=\"data:image\/svg+xml;base64,PHN2ZyB3aWR0aD0iMSIgaGVpZ2h0PSIxIiB4bWxucz0iaHR0cDovL3d3dy53My5vcmcvMjAwMC9zdmciPjwvc3ZnPg==\" class=\"lazyload\" style=\"--smush-placeholder-width: 2560px; --smush-placeholder-aspect-ratio: 2560\/1707;\" \/>\n<h3>\n\t\tHundekj\u00f8ring\n\t<\/h3>\n\t<p>En tur med huskyspann innover sn\u00f8kledt landskap gir en opplevelse for livet! Her med Jotunheimen som kulisser.<\/p>\n\t\t\t<a href=\"https:\/\/lemonsjoe.no\/hundekjoring\/\" target=\"_self\" rel=\"noopener\">\n\t\t\t\t\t\t\tLes mer\n\t\t\t<\/a>\n\t\t\t\t<img decoding=\"async\" data-src=\"https:\/\/lemonsjoe.no\/wp-content\/uploads\/2016\/12\/DSC_2909-Foto-Terje-Rakke-Nordic-Life-e1482760324420.jpg\" alt=\"Egne spor ved Lemonsj\u00f8osen\" itemprop=\"image\" height=\"925\" width=\"1386\" title=\"dsc_2909-foto-terje-rakke-nordic-life\" onerror=\"this.style.display='none'\" src=\"data:image\/svg+xml;base64,PHN2ZyB3aWR0aD0iMSIgaGVpZ2h0PSIxIiB4bWxucz0iaHR0cDovL3d3dy53My5vcmcvMjAwMC9zdmciPjwvc3ZnPg==\" class=\"lazyload\" style=\"--smush-placeholder-width: 1386px; --smush-placeholder-aspect-ratio: 1386\/925;\" \/>\n<h3>\n\t\tHeimfjell-l\u00f8pet\n\t<\/h3>\n\tHeimfjell\u00f8pet &#8211; et skirenn for alle! V\u00e5g\u00e5 I.L. arrangere rennet med klasser for alle<br \/>\n(ekstern lenke).\n\t\t\t<a href=\"\" target=\"_blank\" rel=\"noopener\">\n\t\t\t\t\t\t\tLes mer\n\t\t\t<\/a>\n<h2>\n\t\tViewpoint Trollh\u00f8e\n\t<\/h2>\n\t<p>Trollh\u00f8e (1372 moh) er en ukjent perle plassert mellom fjellvannene Tesse og Lemonsj\u00f8en i V\u00e5g\u00e5 Kommune. Turen opp er relativt lett, \u00abpasser for alle\u00bb samt tilgjengelig b\u00e5de sommer og vinter.<\/p>\n<p>P\u00e5 toppen finner du sikteskive med 39 punkter- Utsikten fra toppen er fantastisk og favner om hele 3 nasjonalparker; Jotunheimen i vest, Rondane i \u00f8st og Dovre mot nord!<\/p>\n\t\t\t<a href=\"https:\/\/lemonsjoe.no\/viewpoint-trollhoe\/\" target=\"_self\" rel=\"noopener\">\n\t\t\t\t\t\t\tLes mer\n\t\t\t<\/a>\n<h2>\n\t\tSommer og H\u00f8st p\u00e5 Lemonsj\u00f8en\n\t<\/h2>\n\t\t\t\t<img decoding=\"async\" data-src=\"https:\/\/lemonsjoe.no\/wp-content\/uploads\/2023\/02\/Veslevassfjellet-utsikt.jpeg\" alt=\"Veslevassfjellet utsikt\" itemprop=\"image\" height=\"213\" width=\"320\" title=\"Veslevassfjellet utsikt\" onerror=\"this.style.display='none'\" src=\"data:image\/svg+xml;base64,PHN2ZyB3aWR0aD0iMSIgaGVpZ2h0PSIxIiB4bWxucz0iaHR0cDovL3d3dy53My5vcmcvMjAwMC9zdmciPjwvc3ZnPg==\" class=\"lazyload\" style=\"--smush-placeholder-width: 320px; --smush-placeholder-aspect-ratio: 320\/213;\" \/>\n<h3>\n\t\tD\u00f8rhelleturer\n\t<\/h3>\n\t<p>N\u00e6romr\u00e5det v\u00e5rt byr p\u00e5 flotte turmuligheter og fantastisk utsikt over Jotunheimen og Rondane.<\/p>\n\t\t\t<a href=\"https:\/\/lemonsjoe.no\/dorhelleturer-fjelltur-vandring-jotunheimen\/\" target=\"_self\" rel=\"noopener\">\n\t\t\t\t\t\t\tLes mer\n\t\t\t<\/a>\n\t\t\t\t<img decoding=\"async\" data-src=\"https:\/\/lemonsjoe.no\/wp-content\/uploads\/2023\/05\/399.jpg\" alt=\"399\" itemprop=\"image\" height=\"247\" width=\"330\" title=\"399\" onerror=\"this.style.display='none'\" src=\"data:image\/svg+xml;base64,PHN2ZyB3aWR0aD0iMSIgaGVpZ2h0PSIxIiB4bWxucz0iaHR0cDovL3d3dy53My5vcmcvMjAwMC9zdmciPjwvc3ZnPg==\" class=\"lazyload\" style=\"--smush-placeholder-width: 330px; --smush-placeholder-aspect-ratio: 330\/247;\" \/>\n<h3>\n\t\tKalven Seter\n\t<\/h3>\n\t<p>Urban kaffebar med trivelige aktiviteter et steinkast fra Lemonsj\u00f8 Fjellstue. Et bes\u00f8k hos Baristabudeie anbefales!<\/p>\n\t\t\t<a href=\"https:\/\/lemonsjoe.no\/kalven-seter\/\" target=\"_self\" rel=\"noopener\">\n\t\t\t\t\t\t\tLes mer\n\t\t\t<\/a>\n\t\t\t\t<img decoding=\"async\" data-src=\"https:\/\/lemonsjoe.no\/wp-content\/uploads\/2023\/01\/SCO_28.09.1808719-scaled.jpg\" alt=\"SCO_28.09.1808719\" itemprop=\"image\" height=\"1707\" width=\"2560\" title=\"SCO_28.09.1808719\" onerror=\"this.style.display='none'\" src=\"data:image\/svg+xml;base64,PHN2ZyB3aWR0aD0iMSIgaGVpZ2h0PSIxIiB4bWxucz0iaHR0cDovL3d3dy53My5vcmcvMjAwMC9zdmciPjwvc3ZnPg==\" class=\"lazyload\" style=\"--smush-placeholder-width: 2560px; --smush-placeholder-aspect-ratio: 2560\/1707;\" \/>\n<h3>\n\t\tSykkel\n\t<\/h3>\n\t<p>Bike&amp;Hike Jotunheimen, guidede turer, Mj\u00f8lkevegen, Lemonsj\u00f8 Bike Mountain&#8230;\u00a0 \u00a0 \u00a0 Fart i fjellet!<\/p>\n\t\t\t<a href=\"https:\/\/lemonsjoe.no\/sykkel-lemonsjoen-elsykkel-mjolkevegen\/\" target=\"_self\" rel=\"noopener\">\n\t\t\t\t\t\t\tLes mer\n\t\t\t<\/a>\n\t\t\t\t<img decoding=\"async\" data-src=\"https:\/\/lemonsjoe.no\/wp-content\/uploads\/2023\/02\/Veodalen-scaled.jpg\" alt=\"Veodalen\" itemprop=\"image\" height=\"1917\" width=\"2560\" title=\"Veodalen\" onerror=\"this.style.display='none'\" src=\"data:image\/svg+xml;base64,PHN2ZyB3aWR0aD0iMSIgaGVpZ2h0PSIxIiB4bWxucz0iaHR0cDovL3d3dy53My5vcmcvMjAwMC9zdmciPjwvc3ZnPg==\" class=\"lazyload\" style=\"--smush-placeholder-width: 2560px; --smush-placeholder-aspect-ratio: 2560\/1917;\" \/>\n<h3>\n\t\tGlittertind\n\t<\/h3>\n\t<p>Glittertind, v\u00e5rt nest h\u00f8yeste fjell, er kanskje en av Norges vakreste og villeste fjellturer&#8230;<\/p>\n\t\t\t<a href=\"https:\/\/lemonsjoe.no\/glittertind-jotunheimen\/\" target=\"_self\" rel=\"noopener\">\n\t\t\t\t\t\t\tLes mer\n\t\t\t<\/a>\n\t\t\t\t<img decoding=\"async\" data-src=\"https:\/\/lemonsjoe.no\/wp-content\/uploads\/2023\/02\/Sjoa-Rafting-a.s..jpg\" alt=\"Sjoa Rafting a.s.\" itemprop=\"image\" height=\"526\" width=\"750\" title=\"Sjoa Rafting a.s.\" onerror=\"this.style.display='none'\" src=\"data:image\/svg+xml;base64,PHN2ZyB3aWR0aD0iMSIgaGVpZ2h0PSIxIiB4bWxucz0iaHR0cDovL3d3dy53My5vcmcvMjAwMC9zdmciPjwvc3ZnPg==\" class=\"lazyload\" style=\"--smush-placeholder-width: 750px; --smush-placeholder-aspect-ratio: 750\/526;\" \/>\n<h3>\n\t\tRafting og Juving\n\t<\/h3>\n\t<p>Rafting i Sjoa og juving i Veo, spennende aktiviteter vi virkelig anbefaler!<\/p>\n\t\t\t<a href=\"https:\/\/lemonsjoe.no\/rafting-juving-sjoa\/\" target=\"_self\" rel=\"noopener\">\n\t\t\t\t\t\t\tLes mer\n\t\t\t<\/a>\n\t\t\t\t<img decoding=\"async\" data-src=\"https:\/\/lemonsjoe.no\/wp-content\/uploads\/2023\/02\/467-scaled.jpg\" alt=\"467\" itemprop=\"image\" height=\"2560\" width=\"1920\" title=\"467\" onerror=\"this.style.display='none'\" src=\"data:image\/svg+xml;base64,PHN2ZyB3aWR0aD0iMSIgaGVpZ2h0PSIxIiB4bWxucz0iaHR0cDovL3d3dy53My5vcmcvMjAwMC9zdmciPjwvc3ZnPg==\" class=\"lazyload\" style=\"--smush-placeholder-width: 1920px; --smush-placeholder-aspect-ratio: 1920\/2560;\" \/>\n<h3>\n\t\tB\u00e5tleie og fiske\n\t<\/h3>\n\t<p>Ta med fiskestanga og pr\u00f8v lykken i Lemonsj\u00f8en eller andre gode fiskevann i n\u00e6rheten.<\/p>\n\t\t\t<a href=\"https:\/\/lemonsjoe.no\/jakt-fiske-sjodalen-jotunheimen-vaga-lemonsjoen\/\" target=\"_self\" rel=\"noopener\">\n\t\t\t\t\t\t\tLes mer\n\t\t\t<\/a>\n\t\t\t\t<img decoding=\"async\" data-src=\"https:\/\/lemonsjoe.no\/wp-content\/uploads\/2023\/05\/Besseggen_Terje_Rakke_Nordic_Life.jpg\" alt=\"Turg\u00e5ere p\u00e5 vei opp Besseggen med utsikt over Gjende.\" itemprop=\"image\" height=\"418\" width=\"626\" title=\"Besseggen_Terje_Rakke_Nordic_Life\" onerror=\"this.style.display='none'\" src=\"data:image\/svg+xml;base64,PHN2ZyB3aWR0aD0iMSIgaGVpZ2h0PSIxIiB4bWxucz0iaHR0cDovL3d3dy53My5vcmcvMjAwMC9zdmciPjwvc3ZnPg==\" class=\"lazyload\" style=\"--smush-placeholder-width: 626px; --smush-placeholder-aspect-ratio: 626\/418;\" \/>\n<h3>\n\t\tBesseggen\n\t<\/h3>\n\t<p>Besseggen, et legendarisk eventyr og opplevelse for livet. Eventyrlig vakkert!<\/p>\n\t\t\t<a href=\"https:\/\/lemonsjoe.no\/besseggen\/\" target=\"_self\" rel=\"noopener\">\n\t\t\t\t\t\t\tLes mer\n\t\t\t<\/a>\n\t\t\t\t<img decoding=\"async\" data-src=\"https:\/\/lemonsjoe.no\/wp-content\/uploads\/2023\/05\/416-scaled.jpg\" alt=\"416\" itemprop=\"image\" height=\"2560\" width=\"1920\" title=\"416\" onerror=\"this.style.display='none'\" src=\"data:image\/svg+xml;base64,PHN2ZyB3aWR0aD0iMSIgaGVpZ2h0PSIxIiB4bWxucz0iaHR0cDovL3d3dy53My5vcmcvMjAwMC9zdmciPjwvc3ZnPg==\" class=\"lazyload\" style=\"--smush-placeholder-width: 1920px; --smush-placeholder-aspect-ratio: 1920\/2560;\" \/>\n<h3>\n\t\tGjendeb\u00e5ten\n\t<\/h3>\n\t<p>\u00abFjellcruise\u00bb over smaragdgr\u00f8nt vann mellom mektige fjell. Bestill billett her (ekstern lenke)<\/p>\n\t\t\t<a href=\"https:\/\/www.gjende.no\/\" target=\"_blank\" rel=\"noopener\">\n\t\t\t\t\t\t\tLes mer\n\t\t\t<\/a>\n\t\t\t\t<img decoding=\"async\" data-src=\"https:\/\/lemonsjoe.no\/wp-content\/uploads\/2023\/01\/istunnel-landscape.jpg\" alt=\"istunnel-landscape\" itemprop=\"image\" height=\"998\" width=\"1427\" title=\"istunnel-landscape\" onerror=\"this.style.display='none'\" src=\"data:image\/svg+xml;base64,PHN2ZyB3aWR0aD0iMSIgaGVpZ2h0PSIxIiB4bWxucz0iaHR0cDovL3d3dy53My5vcmcvMjAwMC9zdmciPjwvc3ZnPg==\" class=\"lazyload\" style=\"--smush-placeholder-width: 1427px; --smush-placeholder-aspect-ratio: 1427\/998;\" \/>\n<h3>\n\t\tKlimapark2469\n\t<\/h3>\n\t<p>&#8220;Bli med inn i isen 7000 \u00e5r attende i tid&#8221;&#8230; Ved foten av Galdh\u00f8piggen (ekstern lenke)<\/p>\n\t\t\t<a href=\"https:\/\/klimapark2469.no\/\" target=\"_blank\" rel=\"noopener\">\n\t\t\t\t\t\t\tLes mer\n\t\t\t<\/a>\n\t\t\t\t<img decoding=\"async\" data-src=\"https:\/\/lemonsjoe.no\/wp-content\/uploads\/2023\/02\/385-scaled.jpg\" alt=\"385\" itemprop=\"image\" height=\"2560\" width=\"1920\" title=\"385\" onerror=\"this.style.display='none'\" src=\"data:image\/svg+xml;base64,PHN2ZyB3aWR0aD0iMSIgaGVpZ2h0PSIxIiB4bWxucz0iaHR0cDovL3d3dy53My5vcmcvMjAwMC9zdmciPjwvc3ZnPg==\" class=\"lazyload\" style=\"--smush-placeholder-width: 1920px; --smush-placeholder-aspect-ratio: 1920\/2560;\" \/>\n<h3>\n\t\tBading\n\t<\/h3>\n\t<p>En forfriskende dukkert i krystallklart, rent fjell-vann! Temperaturen er varierende, mulighetene mange.<\/p>\n\t\t\t<a href=\"https:\/\/lemonsjoe.no\/bading-lemonsjoen-rinda-tesse\/\" target=\"_self\" rel=\"noopener\">\n\t\t\t\t\t\t\tLes mer\n\t\t\t<\/a>\n\t\t\t\t<img decoding=\"async\" data-src=\"https:\/\/lemonsjoe.no\/wp-content\/uploads\/2023\/02\/Elgsafari-juni-2022-skogens-konge.jpg\" alt=\"OLYMPUS DIGITAL CAMERA\" itemprop=\"image\" height=\"665\" width=\"1181\" title=\"OLYMPUS DIGITAL CAMERA\" onerror=\"this.style.display='none'\" src=\"data:image\/svg+xml;base64,PHN2ZyB3aWR0aD0iMSIgaGVpZ2h0PSIxIiB4bWxucz0iaHR0cDovL3d3dy53My5vcmcvMjAwMC9zdmciPjwvc3ZnPg==\" class=\"lazyload\" style=\"--smush-placeholder-width: 1181px; --smush-placeholder-aspect-ratio: 1181\/665;\" \/>\n<h3>\n\t\tElgsafari\n\t<\/h3>\n\t<p>Skogens konge er et fantastisk skue! Omr\u00e5det v\u00e5rt er rikt p\u00e5 dyreliv og vi tilbyr v\u00e5re gjester selv-guida turer sommerstid.<\/p>\n\t\t\t<a href=\"https:\/\/lemonsjoe.no\/elgsafari\/\" target=\"_self\" rel=\"noopener\">\n\t\t\t\t\t\t\tLes mer\n\t\t\t<\/a>\n\t\t\t\t<img decoding=\"async\" data-src=\"https:\/\/lemonsjoe.no\/wp-content\/uploads\/2023\/01\/SCO_28.09.1808562-scaled.jpg\" alt=\"SCO_28.09.1808562\" itemprop=\"image\" height=\"1919\" width=\"2560\" title=\"SCO_28.09.1808562\" onerror=\"this.style.display='none'\" src=\"data:image\/svg+xml;base64,PHN2ZyB3aWR0aD0iMSIgaGVpZ2h0PSIxIiB4bWxucz0iaHR0cDovL3d3dy53My5vcmcvMjAwMC9zdmciPjwvc3ZnPg==\" class=\"lazyload\" style=\"--smush-placeholder-width: 2560px; --smush-placeholder-aspect-ratio: 2560\/1919;\" \/>\n<h3>\n\t\tJotunheimen Nasjonalpark\n\t<\/h3>\n\t<p>I 1862 d\u00f8pte Aasmund Olavsson Vinje disse fjella \u00abJ\u00f8tunheimen\u00bb.<\/p>\n\t\t\t<a href=\"https:\/\/lemonsjoe.no\/jotunheimen-nasjonalpark\/\" target=\"_self\" rel=\"noopener\">\n\t\t\t\t\t\t\tLes mer\n\t\t\t<\/a>\n\n","protected":false},"excerpt":{"rendered":"<p>Aktiviteter p\u00e5 Lemonsj\u00f8en Jotunheimen og Lemonsj\u00f8en byr p\u00e5 opplevelser og aktiviteter hele \u00e5ret! Vinter p\u00e5 Lemonsj\u00f8en Langrenn Langrennsmekka rett utafor d\u00f8ra! Nydelig terreng, varierte l\u00f8yper, magisk utsikt som favner Jotunheimen og Rondane. Les mer Truger Eventyrlige trugemuligheter! Passer uansett f\u00f8re. F\u00f8lg l\u00f8ypa eller kontakt oss for &#8220;dagens trugetur&#8221; anbefaling&#8230; Les mer Alpint Jotunheimen Lemonsj\u00f8en Alpinsenter&hellip;<\/p>\n","protected":false},"author":5,"featured_media":0,"parent":0,"menu_order":0,"comment_status":"closed","ping_status":"closed","template":"","meta":{"_acf_changed":false,"footnotes":""},"class_list":["post-15373","page","type-page","status-publish","hentry"],"acf":[],"_links":{"self":[{"href":"https:\/\/lemonsjoe.no\/de\/wp-json\/wp\/v2\/pages\/15373","targetHints":{"allow":["GET"]}}],"collection":[{"href":"https:\/\/lemonsjoe.no\/de\/wp-json\/wp\/v2\/pages"}],"about":[{"href":"https:\/\/lemonsjoe.no\/de\/wp-json\/wp\/v2\/types\/page"}],"author":[{"embeddable":true,"href":"https:\/\/lemonsjoe.no\/de\/wp-json\/wp\/v2\/users\/5"}],"replies":[{"embeddable":true,"href":"https:\/\/lemonsjoe.no\/de\/wp-json\/wp\/v2\/comments?post=15373"}],"version-history":[{"count":0,"href":"https:\/\/lemonsjoe.no\/de\/wp-json\/wp\/v2\/pages\/15373\/revisions"}],"wp:attachment":[{"href":"https:\/\/lemonsjoe.no\/de\/wp-json\/wp\/v2\/media?parent=15373"}],"curies":[{"name":"wp","href":"https:\/\/api.w.org\/{rel}","templated":true}]}}