{"id":15671,"date":"2023-12-13T12:47:25","date_gmt":"2023-12-13T12:47:25","guid":{"rendered":"https:\/\/lemonsjoe.no\/titelseite\/"},"modified":"2025-10-24T17:31:30","modified_gmt":"2025-10-24T17:31:30","slug":"titelseite","status":"publish","type":"page","link":"https:\/\/lemonsjoe.no\/de\/","title":{"rendered":"Titelseite"},"content":{"rendered":"\n\n\t<p>Familiengef\u00fchrte Bergh\u00fctte mit traditionellen H\u00fctten, Hotelzimmern, klassischer norwegischer K\u00fcche, Berg-, Natur- und Kulturerlebnissen.<\/p>\n<h2>\n\t\t\tEin Juwel in Jotunheimen\t<\/h2>\n\t<h3>\u00c5pningstider<\/h3>\nMandag &#8211; L\u00f8rdag 11.00-21.00<br \/>\nS\u00f8ndag 11.00-19.00\n<p>VELKOMMEN<\/p>\n<h2>\n\t\t\tUnterkunft in gem\u00fctlichen Betten\t<\/h2>\n\t<p>Erleben Sie einen ehrlichen, norwegischen H\u00fcttenurlaub! Alternativ k\u00f6nnen Sie auch komfortable Hotelzimmer oder moderne Apartments mit Blick auf Jotunheimen buchen.<\/p>\n\t\t\t<a href=\"https:\/\/lemonsjoe.no\/overnatting\/\" target=\"_self\">\n\t\t\t\t\t\t\tSiehe unsere Unterk\u00fcnfte\n\t\t\t<\/a>\n\t\t\t\t<img decoding=\"async\" data-src=\"https:\/\/lemonsjoe.no\/wp-content\/uploads\/2023\/02\/Vertskap.jpg\" alt=\"rhdr\" itemprop=\"image\" height=\"213\" width=\"320\" title=\"rhdr\" onerror=\"this.style.display='none'\" src=\"data:image\/svg+xml;base64,PHN2ZyB3aWR0aD0iMSIgaGVpZ2h0PSIxIiB4bWxucz0iaHR0cDovL3d3dy53My5vcmcvMjAwMC9zdmciPjwvc3ZnPg==\" class=\"lazyload\" style=\"--smush-placeholder-width: 320px; --smush-placeholder-aspect-ratio: 320\/213;\" \/>\n<h3>\n\t\t\tWillkommen\t<\/h3>\n\t<p>Seit 1978 ist die Familie Furuset Ihre Gastgeber auf Lemonsj\u00f8en und wir freuen uns, Sie in den Bergen begr\u00fc\u00dfen zu d\u00fcrfen!<\/p>\n\t\t\t<a href=\"\/fjellstua\/\" target=\"_self\">\n\t\t\t\t\t\t\tMehr lesen\n\t\t\t<\/a>\n\t\t\t\t<img decoding=\"async\" data-src=\"https:\/\/lemonsjoe.no\/wp-content\/uploads\/2024\/12\/NPR_-MNilsen_LemonsjoenBadstue085-scaled.jpg\" alt=\"NPR_ MNilsen_Lemonsj\u00f8enBadstue085\" itemprop=\"image\" height=\"2560\" width=\"1707\" title=\"NPR_ MNilsen_Lemonsj\u00f8enBadstue085\" onerror=\"this.style.display='none'\" src=\"data:image\/svg+xml;base64,PHN2ZyB3aWR0aD0iMSIgaGVpZ2h0PSIxIiB4bWxucz0iaHR0cDovL3d3dy53My5vcmcvMjAwMC9zdmciPjwvc3ZnPg==\" class=\"lazyload\" style=\"--smush-placeholder-width: 1707px; --smush-placeholder-aspect-ratio: 1707\/2560;\" \/>\n<h3>\n\t\t\tSauna\t<\/h3>\n\t<p><strong>Unsere holzbeheizte Sauna mit Panoramablick bietet ein ganz besonderes Erlebnis! Exklusiv f\u00fcr unsere H\u00fctten- und Hotelg\u00e4ste.<\/strong><\/p>\n<p><\/p>\n\t\t\t<a href=\"https:\/\/lemonsjoe.no\/bading-lemonsjoen-rinda-tesse\/\" target=\"_blank\" rel=\"noopener\">\n\t\t\t\t\t\t\tMehr lesen\n\t\t\t<\/a>\n\t\t\t\t<img decoding=\"async\" data-src=\"https:\/\/lemonsjoe.no\/wp-content\/uploads\/2023\/02\/Mot-Besseggen-scaled.jpg\" alt=\"Mot Besseggen\" itemprop=\"image\" height=\"1707\" width=\"2560\" title=\"Mot Besseggen\" onerror=\"this.style.display='none'\" src=\"data:image\/svg+xml;base64,PHN2ZyB3aWR0aD0iMSIgaGVpZ2h0PSIxIiB4bWxucz0iaHR0cDovL3d3dy53My5vcmcvMjAwMC9zdmciPjwvc3ZnPg==\" class=\"lazyload\" style=\"--smush-placeholder-width: 2560px; --smush-placeholder-aspect-ratio: 2560\/1707;\" \/>\n<h3>\n\t\t\tWinter\t<\/h3>\n\t<p>Abenteuer im Langlauf direkt vor der Haust\u00fcr, der Jotunheimen-Trail, Schneeschuhwandern, Huskytouren und jede Menge Spa\u00df im Schnee!<\/p>\n\t\t\t<a href=\"https:\/\/lemonsjoe.no\/sykkel-lemonsjoen-elsykkel-mjolkevegen-bikeandhike-jotunheimen\/\" target=\"_self\">\n\t\t\t\t\t\t\tMehr lesen\n\t\t\t<\/a>\n<h2>\n\t\t\tEssen &amp; Trinken\t<\/h2>\n\t<p>Wir legen unsere Seele in gutes Essen: traditionell, klassisch norwegisch, lokal, hausgemacht und lecker. Mit einer modernen K\u00fcche und einem \u00c0-la-carte-Restaurant bietet es die Flexibilit\u00e4t, die wir uns f\u00fcr Sie in den Bergen w\u00fcnschen. Willkommen auf unserer Website!<\/p>\n\t\t\t<a href=\"https:\/\/lemonsjoe.no\/matdrikke\/\" target=\"_self\">\n\t\t\t\t\t\t\tMehr lesen\n\t\t\t<\/a>\n<h2>\n\t\t\tAussichtspunkt Trollh\u00f8e\t<\/h2>\n\t<p>Trollh\u00f8e (1372 Meter \u00fcber dem Meeresspiegel), ein unbekanntes Kleinod zwischen den Bergseen Tesse und Lemonsj\u00f8en in der Kommune V\u00e5g\u00e5. Auf dem Gipfel finden Sie eine 39-Punkte-Aussichtsscheibe mit Blick auf Jotunheimen im Westen, Rondane im Osten und Dovre im Norden!<\/p>\n\t\t\t<a href=\"https:\/\/lemonsjoe.no\/viewpoint-trollhoe\/\" target=\"_self\">\n\t\t\t\t\t\t\tMehr lesen\n\t\t\t<\/a>\n\t\t\t<a href=\"https:\/\/lemonsjoe.no\/aktiviteter\/\" target=\"_self\">\n\t\t\t\t\t\t\tALLE AKTIVIT\u00c4TEN\n\t\t\t<\/a>\n<h2>\n\t\t\tKunst &amp; Kultur\t<\/h2>\n\t<p>Lemonsj\u00f8en ist ein fantastisches Gebiet in Jotunheimen mit sch\u00f6ner, abwechslungsreicher Natur in einer lebendigen Kulturlandschaft, die zu V\u00e5g\u00e5, FjellNorge und dem Nationalpark K\u00f6nigreich geh\u00f6rt. In und um Lemonsj\u00f8 Fjellstue &amp; Hyttegrend finden Sie verschiedene kulturelle Angebote.<\/p>\n\t\t\t<a href=\"https:\/\/lemonsjoe.no\/kunst-og-kultur\/\" target=\"_self\">\n\t\t\t\t\t\t\tMehr lesen\n\t\t\t<\/a>\n<h2>\n\t\t\tMeetings &amp; Veranstaltungen\t<\/h2>\n\t<p>Wir haben umfangreiche Erfahrung mit Firmenveranstaltungen, Tagungen, Kursen, Partys und Jubil\u00e4en. Wir k\u00f6nnen kleinere Gruppen von 25-35 Personen f\u00fcr Tagestreffen oder Aufenthalte von 3-4 Tagen unterbringen. Gutes Essen, gut ausgestattete H\u00fctten und Zimmer, ein gem\u00fctliches Kaminzimmer und tolle Freizeit- und Aktivit\u00e4tsm\u00f6glichkeiten im Freien. Wir stimmen jeden Schritt mit Ihnen ab!<\/p>\n\t\t\t<a href=\"https:\/\/lemonsjoe.no\/moter-events\/\" target=\"_self\">\n\t\t\t\t\t\t\tMehr lesen\n\t\t\t<\/a>\n\n","protected":false},"excerpt":{"rendered":"<p>Familiengef\u00fchrte Bergh\u00fctte mit traditionellen H\u00fctten, Hotelzimmern, klassischer norwegischer K\u00fcche, Berg-, Natur- und Kulturerlebnissen. Ein Juwel in Jotunheimen \u00c5pningstider Mandag &#8211; L\u00f8rdag 11.00-21.00 S\u00f8ndag 11.00-19.00 VELKOMMEN Unterkunft in gem\u00fctlichen Betten Erleben Sie einen ehrlichen, norwegischen H\u00fcttenurlaub! Alternativ k\u00f6nnen Sie auch komfortable Hotelzimmer oder moderne Apartments mit Blick auf Jotunheimen buchen. Siehe unsere Unterk\u00fcnfte Willkommen Seit 1978&hellip;<\/p>\n","protected":false},"author":5,"featured_media":0,"parent":0,"menu_order":0,"comment_status":"closed","ping_status":"closed","template":"","meta":{"_acf_changed":false,"footnotes":""},"class_list":["post-15671","page","type-page","status-publish","hentry"],"acf":[],"_links":{"self":[{"href":"https:\/\/lemonsjoe.no\/de\/wp-json\/wp\/v2\/pages\/15671","targetHints":{"allow":["GET"]}}],"collection":[{"href":"https:\/\/lemonsjoe.no\/de\/wp-json\/wp\/v2\/pages"}],"about":[{"href":"https:\/\/lemonsjoe.no\/de\/wp-json\/wp\/v2\/types\/page"}],"author":[{"embeddable":true,"href":"https:\/\/lemonsjoe.no\/de\/wp-json\/wp\/v2\/users\/5"}],"replies":[{"embeddable":true,"href":"https:\/\/lemonsjoe.no\/de\/wp-json\/wp\/v2\/comments?post=15671"}],"version-history":[{"count":4,"href":"https:\/\/lemonsjoe.no\/de\/wp-json\/wp\/v2\/pages\/15671\/revisions"}],"predecessor-version":[{"id":23306,"href":"https:\/\/lemonsjoe.no\/de\/wp-json\/wp\/v2\/pages\/15671\/revisions\/23306"}],"wp:attachment":[{"href":"https:\/\/lemonsjoe.no\/de\/wp-json\/wp\/v2\/media?parent=15671"}],"curies":[{"name":"wp","href":"https:\/\/api.w.org\/{rel}","templated":true}]}}