{"id":15702,"date":"2023-02-06T08:57:20","date_gmt":"2023-02-06T08:57:20","guid":{"rendered":"https:\/\/lemonsjoe.no\/fahrrad\/"},"modified":"2024-06-11T16:20:24","modified_gmt":"2024-06-11T16:20:24","slug":"fahrrad","status":"publish","type":"page","link":"https:\/\/lemonsjoe.no\/de\/fahrrad\/","title":{"rendered":"Fahrrad"},"content":{"rendered":"\n<h1>\n\t\tFahrrad\n\t<\/h1>\n\t<p>Mit Lemonsj\u00f8en als Ausgangspunkt und einem elektrischen Mountainbike von Bike &amp; Hike Jotunheimen k\u00f6nnen Sie weiter gehen und noch viel mehr erleben!<\/p>\n\t<p>Kommen Sie weiter und erleben Sie mehr auf Ihrem Fahrrad! Elektrofahrr\u00e4der haben es mehr Menschen erm\u00f6glicht, die Berge mit Tretunterst\u00fctzung zu genie\u00dfen. Abseits der asphaltierten Stra\u00dfen gibt es markierte Wanderwege und Forststra\u00dfen, die sich f\u00fcr Radtouren f\u00fcr die ganze Familie eignen. Die T\u00fcr-zu-T\u00fcr-Touren sind vielf\u00e4ltig und abwechslungsreich. Wir verf\u00fcgen \u00fcber Wander- und Radwanderkarten und helfen Ihnen gerne mit Tourenbeschreibungen und -empfehlungen, je nach Wetterlage und Ihren W\u00fcnschen! Mit Lemonsj\u00f8en und Jotunheimen als Ausgangspunkt k\u00f6nnen Sie das gesamte Sjodalen-Tal von Gjende bis V\u00e5g\u00e5 durchstreifen, das benachbarte Heimfjellet mit seinem lebhaften Hirtenleben erleben, ins Tal hinunter zum Panorama Ottadalen fahren, die hohen Berge im Veodalen in Richtung Glittertind herausfordern, einen Abstecher nach Sk\u00e5bu machen oder Ihren eigenen Weg finden&#8230;<\/p>\n<p><strong>Lemonsj\u00f8 Fjellstue &amp; Hyttegrend und Bike &amp; Hike Jotunheimen haben Lemonsj\u00f8en gemeinsam zu einem fahrradfreundlichen Ort entwickelt!<\/strong><\/p>\nF\u00fcr Mountainbiker gibt es hier eine Waschstation, Ladestationen, eine Fahrradwerkstatt, einen Verleih, den Verkauf von Ersatzteilen und anderen Dingen, die Sie f\u00fcr Ihre Reise ben\u00f6tigen, sowie einen Parkplatz f\u00fcr Ihr Fahrrad \u00fcber Nacht &#8211; verschlossen und trocken im Haus!<br \/>\nWir k\u00f6nnen Ihnen auch eine Einweisung in verschiedene Touren in der n\u00e4heren Umgebung anbieten!\nIn unserem E-Bike-Verleih finden Sie elektrische Mountainbikes und Trailbikes von Marken wie Olympia, bei denen der PowerNine 900Wh-Akku die Reichweitenangst f\u00fcr immer beseitigt! Wir haben einen Helm, eine GoPro-Kamera, eine 10-Liter-Gep\u00e4cktasche und weitere Gadgets f\u00fcr eine besonders gute Reise.  <strong><a href=\"https:\/\/www.bikeandhike.no\/booking\" target=\"_blank\" rel=\"noopener\">Jetzt hier buchen<\/a><\/strong>! Bitte beachten Sie, dass Sie sich schnell so sehr in das Leih-E-Bike verlieben k\u00f6nnen, dass Sie sich w\u00fcnschen, es w\u00e4re Ihres &#8211; dann setzen Sie sich auf die Liste f\u00fcr den Kauf am Ende der Saison zu einem sehr guten Preis! Und wir k\u00f6nnen uns auch um den Service f\u00fcr Sie k\u00fcmmern. <strong><br \/>\n  <a href=\"https:\/\/www.bikeandhike.no\/\" target=\"_blank\" rel=\"noopener\">Bike &amp; Hike Jotunheimen<\/a><br \/>\n<\/strong> hat das Fachwissen, das Sie f\u00fcr alles rund um Elektrofahrr\u00e4der ben\u00f6tigen.\n<p><strong>Die beliebtesten Touren<\/strong>;<\/p>\n<p>Ein Muss f\u00fcr den Sommer 2024 &#8211; <strong>Klonessetra<\/strong>! Alle Details finden Sie auf <a href=\"https:\/\/no.outdooractive.com\/no\/route\/terrengsykkel\/norge\/lemonsjo-fjellstue-klonesaeter-lemonsjo-fjellstue\/800519675\/#caml=7ps,1ho8xa,a7w51l,0,0&amp;dmdtab=oax-tab1\" target=\"_blank\" rel=\"noopener\">outdooraktive.com <\/a> <\/p>\n<p><strong>Lemonsj\u00f8 &#8211; Randsverk<\/strong>, gamleveien t\/rt. Sch\u00f6ne einst\u00fcndige Tour, 8 km, etwa 165 H\u00f6henmeter.<\/p>\n<p><strong>Lemonsj\u00f8 &#8211; Randsverk &#8211; Tesse Runde<\/strong>, Tagestour in sch\u00f6nem, abwechslungsreichem Gel\u00e4nde. 47km. auf Schotter- und Waldwegen, 2 km auf etwas anspruchsvollen Waldwegen und ein paar hundert Meter auf asphaltierten Stra\u00dfen durch Randsverk. Insgesamt 49 km, etwa 700 H\u00f6henmeter. Die Route f\u00fchrt durch eine wundersch\u00f6ne Kulturlandschaft mit <a href=\"https:\/\/brimi-seter.no\/saeterkafe-og-butikk\/\" target=\"_blank\" rel=\"noopener\">Brimi S\u00e6ter<\/a> und <a href=\"https:\/\/brimi-fjellstugu.brimiland.no\/\" target=\"_blank\" rel=\"noopener\">Brimi Fjellstugu<\/a> als n\u00f6rdlichstem Punkt. Vergessen Sie nicht, sich mit Sonnencreme einzudecken. Der charmanteste Coop-Laden des Gebirges befindet sich gleich nach dem Start in Randsverk!<\/p>\nDas ultimative Fahrradabenteuer finden Sie bei <a href=\"https:\/\/jotunheimentravel.com\/aktiviteter\/mjolkevegen-nord-ruten-6-dager\/\" target=\"_blank\" rel=\"noopener\"><br \/>\n  <strong>Jotunheimen Reisen &#8211; Mj\u00f8lkevegen<\/strong><br \/>\n<\/a>. Steigen Sie irgendwo auf der Strecke Oslo-Lemonsj\u00f8en in den Valdres Express ein, wo das Abenteuer beginnt; eine 7-9-t\u00e4gige Reise durch Jotunheimen, die in Beitost\u00f8len in Valdres endet, alles inklusive und organisiert, bis hin zum Gep\u00e4cktransport. Mieten Sie ein Elektrofahrrad von Bike &amp; Hike Jotunheimen in Lemonsj\u00f8en, wenn Sie Ihre Tour buchen, und Sie bekommen es am Ende Ihrer Tour in Beitost\u00f8len mit dem Bus zur\u00fcck! Wenn Sie sich einen zus\u00e4tzlichen Tag Zeit nehmen m\u00f6chten, empfehlen wir Ihnen einen Ausflug in die Umgebung von Klonessetra als tollen Abstecher.\n<p>Nur einen Katzensprung von unserer Basis entfernt befindet sich der Lemonsj\u00f8en Bike Mountain, ein einzigartiges Angebot mit allgemein zug\u00e4nglichen Radwegen in fantastischem Berggel\u00e4nde mit Blick auf Jotunheimen, Rondane und Dovrefjell. Das Angebot befindet sich im Aufbau, und Sie finden hier Strecken mit unterschiedlichen Schwierigkeitsgraden und abgestuften Kurven &#8211; perfekt f\u00fcr gro\u00dfe und kleine Trailbiker.  <a href=\"https:\/\/www.youtube.com\/watch?v=lhFbVRDBwmA\" target=\"_blank\" rel=\"noopener\">SNURR FILM<\/a><\/p>\n<p>Tipp &#8211; kombinieren Sie einen Tag Radfahren mit Besseggen, Rafting, Munch in V\u00e5g\u00e5 oder einem anderen Abenteuer, das Sie in der Gegend finden!<\/p>\n<p>Lemonsj\u00f8en &#8211; mitten im Zentrum des Fahrradabenteuers!<\/p>\n\t\t\t\t<img decoding=\"async\" data-src=\"https:\/\/lemonsjoe.no\/wp-content\/uploads\/2023\/01\/SCO_28.09.1808841-scaled.jpg\" alt=\"folk p\u00e5 sykkel tur\" itemprop=\"image\" height=\"1707\" width=\"2560\" title=\"SCO_28.09.1808841\" onerror=\"this.style.display='none'\" src=\"data:image\/svg+xml;base64,PHN2ZyB3aWR0aD0iMSIgaGVpZ2h0PSIxIiB4bWxucz0iaHR0cDovL3d3dy53My5vcmcvMjAwMC9zdmciPjwvc3ZnPg==\" class=\"lazyload\" style=\"--smush-placeholder-width: 2560px; --smush-placeholder-aspect-ratio: 2560\/1707;\" \/>\n\t\t\t\t<img decoding=\"async\" data-src=\"https:\/\/lemonsjoe.no\/wp-content\/uploads\/2023\/01\/SCO_28.09.1808544-scaled.jpg\" alt=\"SCO_28.09.1808544\" itemprop=\"image\" height=\"1919\" width=\"2560\" title=\"SCO_28.09.1808544\" onerror=\"this.style.display='none'\" src=\"data:image\/svg+xml;base64,PHN2ZyB3aWR0aD0iMSIgaGVpZ2h0PSIxIiB4bWxucz0iaHR0cDovL3d3dy53My5vcmcvMjAwMC9zdmciPjwvc3ZnPg==\" class=\"lazyload\" style=\"--smush-placeholder-width: 2560px; --smush-placeholder-aspect-ratio: 2560\/1919;\" \/>\n\t\t\t\t<img decoding=\"async\" data-src=\"https:\/\/lemonsjoe.no\/wp-content\/uploads\/2023\/01\/SCO_28.09.1808719-scaled.jpg\" alt=\"SCO_28.09.1808719\" itemprop=\"image\" height=\"1707\" width=\"2560\" title=\"SCO_28.09.1808719\" onerror=\"this.style.display='none'\" src=\"data:image\/svg+xml;base64,PHN2ZyB3aWR0aD0iMSIgaGVpZ2h0PSIxIiB4bWxucz0iaHR0cDovL3d3dy53My5vcmcvMjAwMC9zdmciPjwvc3ZnPg==\" class=\"lazyload\" style=\"--smush-placeholder-width: 2560px; --smush-placeholder-aspect-ratio: 2560\/1707;\" \/>\n\t<p><img decoding=\"async\" data-src=\"https:\/\/lemonsjoe.no\/wp-content\/uploads\/2021\/04\/Bikeandhiketoplogo-300x187.png\" alt=\"\" width=\"300\" height=\"187\" src=\"data:image\/svg+xml;base64,PHN2ZyB3aWR0aD0iMSIgaGVpZ2h0PSIxIiB4bWxucz0iaHR0cDovL3d3dy53My5vcmcvMjAwMC9zdmciPjwvc3ZnPg==\" class=\"lazyload\" style=\"--smush-placeholder-width: 300px; --smush-placeholder-aspect-ratio: 300\/187;\" \/><\/p>\n\t<p><strong>Gemeinsam bieten wir Ihnen ein nahtloses Raderlebnis!<\/strong><\/p>\n\t<p><img decoding=\"async\" data-src=\"https:\/\/lemonsjoe.no\/wp-content\/uploads\/2016\/06\/cropped-final-300x300.png\" alt=\"\" width=\"300\" height=\"300\" src=\"data:image\/svg+xml;base64,PHN2ZyB3aWR0aD0iMSIgaGVpZ2h0PSIxIiB4bWxucz0iaHR0cDovL3d3dy53My5vcmcvMjAwMC9zdmciPjwvc3ZnPg==\" class=\"lazyload\" style=\"--smush-placeholder-width: 300px; --smush-placeholder-aspect-ratio: 300\/300;\" \/><\/p>\n<p>&nbsp;<\/p>\n\t\t\t\t<img decoding=\"async\" data-src=\"https:\/\/lemonsjoe.no\/wp-content\/uploads\/2023\/02\/Veodalen-scaled.jpg\" alt=\"Veodalen\" itemprop=\"image\" height=\"1917\" width=\"2560\" title=\"Veodalen\" onerror=\"this.style.display='none'\" src=\"data:image\/svg+xml;base64,PHN2ZyB3aWR0aD0iMSIgaGVpZ2h0PSIxIiB4bWxucz0iaHR0cDovL3d3dy53My5vcmcvMjAwMC9zdmciPjwvc3ZnPg==\" class=\"lazyload\" style=\"--smush-placeholder-width: 2560px; --smush-placeholder-aspect-ratio: 2560\/1917;\" \/>\n\t\t\t\t<img decoding=\"async\" data-src=\"https:\/\/lemonsjoe.no\/wp-content\/uploads\/2023\/02\/Sykkel-Ornkampen-scaled.jpg\" alt=\"Sykkel \u00d8rnkampen\" itemprop=\"image\" height=\"1920\" width=\"2560\" title=\"Sykkel \u00d8rnkampen\" onerror=\"this.style.display='none'\" src=\"data:image\/svg+xml;base64,PHN2ZyB3aWR0aD0iMSIgaGVpZ2h0PSIxIiB4bWxucz0iaHR0cDovL3d3dy53My5vcmcvMjAwMC9zdmciPjwvc3ZnPg==\" class=\"lazyload\" style=\"--smush-placeholder-width: 2560px; --smush-placeholder-aspect-ratio: 2560\/1920;\" \/>\n\t\t\t\t<img decoding=\"async\" data-src=\"https:\/\/lemonsjoe.no\/wp-content\/uploads\/2019\/01\/Pa-sykkel-i-Veodalen.png\" alt=\"Pa-sykkel-i-Veodalen\" itemprop=\"image\" height=\"213\" width=\"320\" title=\"Pa-sykkel-i-Veodalen\" onerror=\"this.style.display='none'\" src=\"data:image\/svg+xml;base64,PHN2ZyB3aWR0aD0iMSIgaGVpZ2h0PSIxIiB4bWxucz0iaHR0cDovL3d3dy53My5vcmcvMjAwMC9zdmciPjwvc3ZnPg==\" class=\"lazyload\" style=\"--smush-placeholder-width: 320px; --smush-placeholder-aspect-ratio: 320\/213;\" \/>\n\t<p>Business Collection auf zwei R\u00e4dern!<\/p>\n<p>Wir haben einen Vorschlag f\u00fcr Sie, Ihre Clique, Ihre Firma oder diejenigen, die Sie zu einem Erlebnis in Jotunheimen versammeln m\u00f6chten, zusammengestellt.<\/p>\n<p>Siehe <a href=\"https:\/\/lemonsjoe.no\/el-sykkel-sammen\/\">OLYMPIA<\/a><\/p>\n\tMj\u00f8lkevegen<br \/>\nDas ultimative Fahrradabenteuer finden Sie bei JVB Travel! Eine Woche in den Bergen, ein organisiertes und einzigartiges Erlebnis &#8211; beginnend in Lemonsj\u00f8en\n<p><a href=\"https:\/\/jotunheimentravel.com\/aktiviteter\/mjolkevegen-nord-ruten-6-dager\/\" target=\"_blank\" rel=\"noopener\">JETZT BUCHEN <\/a>(externer Link)<\/p>\n\n","protected":false},"excerpt":{"rendered":"<p>Fahrrad Mit Lemonsj\u00f8en als Ausgangspunkt und einem elektrischen Mountainbike von Bike &amp; Hike Jotunheimen k\u00f6nnen Sie weiter gehen und noch viel mehr erleben! Kommen Sie weiter und erleben Sie mehr auf Ihrem Fahrrad! Elektrofahrr\u00e4der haben es mehr Menschen erm\u00f6glicht, die Berge mit Tretunterst\u00fctzung zu genie\u00dfen. Abseits der asphaltierten Stra\u00dfen gibt es markierte Wanderwege und Forststra\u00dfen,&hellip;<\/p>\n","protected":false},"author":2,"featured_media":0,"parent":0,"menu_order":0,"comment_status":"closed","ping_status":"closed","template":"","meta":{"_acf_changed":false,"footnotes":""},"class_list":["post-15702","page","type-page","status-publish","hentry"],"acf":[],"_links":{"self":[{"href":"https:\/\/lemonsjoe.no\/de\/wp-json\/wp\/v2\/pages\/15702","targetHints":{"allow":["GET"]}}],"collection":[{"href":"https:\/\/lemonsjoe.no\/de\/wp-json\/wp\/v2\/pages"}],"about":[{"href":"https:\/\/lemonsjoe.no\/de\/wp-json\/wp\/v2\/types\/page"}],"author":[{"embeddable":true,"href":"https:\/\/lemonsjoe.no\/de\/wp-json\/wp\/v2\/users\/2"}],"replies":[{"embeddable":true,"href":"https:\/\/lemonsjoe.no\/de\/wp-json\/wp\/v2\/comments?post=15702"}],"version-history":[{"count":0,"href":"https:\/\/lemonsjoe.no\/de\/wp-json\/wp\/v2\/pages\/15702\/revisions"}],"wp:attachment":[{"href":"https:\/\/lemonsjoe.no\/de\/wp-json\/wp\/v2\/media?parent=15702"}],"curies":[{"name":"wp","href":"https:\/\/api.w.org\/{rel}","templated":true}]}}