{"id":15670,"date":"2023-12-13T12:47:25","date_gmt":"2023-12-13T12:47:25","guid":{"rendered":"https:\/\/lemonsjoe.no\/front-page\/"},"modified":"2025-10-24T17:24:28","modified_gmt":"2025-10-24T17:24:28","slug":"front-page","status":"publish","type":"page","link":"https:\/\/lemonsjoe.no\/en\/","title":{"rendered":"Front page"},"content":{"rendered":"\n\n\t<p>Family-run mountain lodge with traditional cabins, hotel rooms, classic Norwegian cuisine, mountain, nature and cultural experiences.<\/p>\n<h2>\n\t\t\tA gem in Jotunheimen\t<\/h2>\n\t<h3>\u00c5pningstider<\/h3>\nMandag &#8211; L\u00f8rdag 11.00-21.00<br \/>\nS\u00f8ndag 11.00-19.00\n<p>VELKOMMEN<\/p>\n<h2>\n\t\t\tAccommodation in warm beds\t<\/h2>\n\t<p>Experience an honest, Norwegian cabin holiday! Alternatively, comfortable hotel rooms or modern apartments with views of Jotunheimen.<\/p>\n\t\t\t<a href=\"https:\/\/lemonsjoe.no\/overnatting\/\" target=\"_self\">\n\t\t\t\t\t\t\tSee our accommodation\n\t\t\t<\/a>\n\t\t\t\t<img decoding=\"async\" data-src=\"https:\/\/lemonsjoe.no\/wp-content\/uploads\/2023\/02\/Vertskap.jpg\" alt=\"rhdr\" itemprop=\"image\" height=\"213\" width=\"320\" title=\"rhdr\" onerror=\"this.style.display='none'\" src=\"data:image\/svg+xml;base64,PHN2ZyB3aWR0aD0iMSIgaGVpZ2h0PSIxIiB4bWxucz0iaHR0cDovL3d3dy53My5vcmcvMjAwMC9zdmciPjwvc3ZnPg==\" class=\"lazyload\" style=\"--smush-placeholder-width: 320px; --smush-placeholder-aspect-ratio: 320\/213;\" \/>\n<h3>\n\t\t\tWelcome\t<\/h3>\n\t<p>Since 1978, the Furuset family has been your hosts at Lemonsj\u00f8en and we have the pleasure of welcoming you to the mountains!<\/p>\n\t\t\t<a href=\"\/fjellstua\/\" target=\"_self\">\n\t\t\t\t\t\t\tRead more\n\t\t\t<\/a>\n\t\t\t\t<img decoding=\"async\" data-src=\"https:\/\/lemonsjoe.no\/wp-content\/uploads\/2024\/12\/NPR_-MNilsen_LemonsjoenBadstue085-scaled.jpg\" alt=\"NPR_ MNilsen_Lemonsj\u00f8enBadstue085\" itemprop=\"image\" height=\"2560\" width=\"1707\" title=\"NPR_ MNilsen_Lemonsj\u00f8enBadstue085\" onerror=\"this.style.display='none'\" src=\"data:image\/svg+xml;base64,PHN2ZyB3aWR0aD0iMSIgaGVpZ2h0PSIxIiB4bWxucz0iaHR0cDovL3d3dy53My5vcmcvMjAwMC9zdmciPjwvc3ZnPg==\" class=\"lazyload\" style=\"--smush-placeholder-width: 1707px; --smush-placeholder-aspect-ratio: 1707\/2560;\" \/>\n<h3>\n\t\t\tSauna\t<\/h3>\n\t<p><strong>Our wood-fired sauna with panoramic views offers a very special experience! Exclusively for our cabin and hotel guests. <\/strong><\/p>\n\t\t\t<a href=\"https:\/\/lemonsjoe.no\/bading-lemonsjoen-rinda-tesse\/\" target=\"_blank\" rel=\"noopener\">\n\t\t\t\t\t\t\tRead more\n\t\t\t<\/a>\n\t\t\t\t<img decoding=\"async\" data-src=\"https:\/\/lemonsjoe.no\/wp-content\/uploads\/2023\/02\/Mot-Besseggen-scaled.jpg\" alt=\"Mot Besseggen\" itemprop=\"image\" height=\"1707\" width=\"2560\" title=\"Mot Besseggen\" onerror=\"this.style.display='none'\" src=\"data:image\/svg+xml;base64,PHN2ZyB3aWR0aD0iMSIgaGVpZ2h0PSIxIiB4bWxucz0iaHR0cDovL3d3dy53My5vcmcvMjAwMC9zdmciPjwvc3ZnPg==\" class=\"lazyload\" style=\"--smush-placeholder-width: 2560px; --smush-placeholder-aspect-ratio: 2560\/1707;\" \/>\n<h3>\n\t\t\tWinter\t<\/h3>\n\t<p>Cross-country adventures from the doorstep, the Jotunheimen trail, snowshuing, husky-tours, and loads of fun in the snow!<\/p>\n\t\t\t<a href=\"https:\/\/lemonsjoe.no\/en\/activites\/\" target=\"_self\">\n\t\t\t\t\t\t\tRead more\n\t\t\t<\/a>\n<h2>\n\t\t\tFood &amp; drinks\t<\/h2>\n\t<p>We put our soul into good food; traditional, classic Norwegian, local, homemade and tasty. With a modern kitchen and a la carte dining, it offers the flexibility we want you to find in the mountains. Welcome!<\/p>\n\t\t\t<a href=\"https:\/\/lemonsjoe.no\/matdrikke\/\" target=\"_self\">\n\t\t\t\t\t\t\tRead more\n\t\t\t<\/a>\n<h2>\n\t\t\tViewpoint Trollh\u00f8e\t<\/h2>\n\t<p>Trollh\u00f8e (1372 m), an unknown gem located between the mountain lakes Tesse and Lemonsj\u00f8en in V\u00e5g\u00e5 Municipality. At the top, you&#8217;ll find a 39-point viewing platform with views of Jotunheimen to the west, Rondane to the east and Dovre to the north!<\/p>\n\t\t\t<a href=\"https:\/\/lemonsjoe.no\/viewpoint-trollhoe\/\" target=\"_self\">\n\t\t\t\t\t\t\tRead more\n\t\t\t<\/a>\n\t\t\t<a href=\"https:\/\/lemonsjoe.no\/aktiviteter\/\" target=\"_self\">\n\t\t\t\t\t\t\tALL ACTIVITIES\n\t\t\t<\/a>\n<h2>\n\t\t\tArt &amp; culture\t<\/h2>\n\t<p>Lemonsj\u00f8en is a fantastic area in Jotunheimen with beautiful, varied nature in a vibrant cultural landscape belonging to V\u00e5g\u00e5, FjellNorge and the National Park Kingdom. In and around Lemonsj\u00f8 Fjellstue &amp; Hyttegrend you will find several cultural highlights.<\/p>\n\t\t\t<a href=\"https:\/\/lemonsjoe.no\/kunst-og-kultur\/\" target=\"_self\">\n\t\t\t\t\t\t\tRead more\n\t\t\t<\/a>\n<h2>\n\t\t\tMeetings &amp; events\t<\/h2>\n\t<p>We have extensive experience with corporate gatherings, meetings, courses, parties and anniversaries. We can accommodate smaller groups, 25-35 people for day meetings or stays of 3-4 days. Good food, well-equipped cabins and rooms, cozy fireplace lounge and great outdoor recreation and activity opportunities. We customize with you every step of the way!<\/p>\n\t\t\t<a href=\"https:\/\/lemonsjoe.no\/moter-events\/\" target=\"_self\">\n\t\t\t\t\t\t\tRead more\n\t\t\t<\/a>\n\n","protected":false},"excerpt":{"rendered":"<p>Family-run mountain lodge with traditional cabins, hotel rooms, classic Norwegian cuisine, mountain, nature and cultural experiences. A gem in Jotunheimen \u00c5pningstider Mandag &#8211; L\u00f8rdag 11.00-21.00 S\u00f8ndag 11.00-19.00 VELKOMMEN Accommodation in warm beds Experience an honest, Norwegian cabin holiday! Alternatively, comfortable hotel rooms or modern apartments with views of Jotunheimen. See our accommodation Welcome Since 1978,&hellip;<\/p>\n","protected":false},"author":5,"featured_media":0,"parent":0,"menu_order":0,"comment_status":"closed","ping_status":"closed","template":"","meta":{"_acf_changed":false,"footnotes":""},"class_list":["post-15670","page","type-page","status-publish","hentry"],"acf":[],"_links":{"self":[{"href":"https:\/\/lemonsjoe.no\/en\/wp-json\/wp\/v2\/pages\/15670","targetHints":{"allow":["GET"]}}],"collection":[{"href":"https:\/\/lemonsjoe.no\/en\/wp-json\/wp\/v2\/pages"}],"about":[{"href":"https:\/\/lemonsjoe.no\/en\/wp-json\/wp\/v2\/types\/page"}],"author":[{"embeddable":true,"href":"https:\/\/lemonsjoe.no\/en\/wp-json\/wp\/v2\/users\/5"}],"replies":[{"embeddable":true,"href":"https:\/\/lemonsjoe.no\/en\/wp-json\/wp\/v2\/comments?post=15670"}],"version-history":[{"count":4,"href":"https:\/\/lemonsjoe.no\/en\/wp-json\/wp\/v2\/pages\/15670\/revisions"}],"predecessor-version":[{"id":23305,"href":"https:\/\/lemonsjoe.no\/en\/wp-json\/wp\/v2\/pages\/15670\/revisions\/23305"}],"wp:attachment":[{"href":"https:\/\/lemonsjoe.no\/en\/wp-json\/wp\/v2\/media?parent=15670"}],"curies":[{"name":"wp","href":"https:\/\/api.w.org\/{rel}","templated":true}]}}