{"id":15725,"date":"2022-12-08T14:37:09","date_gmt":"2022-12-08T14:37:09","guid":{"rendered":"https:\/\/lemonsjoe.no\/activites\/"},"modified":"2025-10-24T17:37:47","modified_gmt":"2025-10-24T17:37:47","slug":"activites","status":"publish","type":"page","link":"https:\/\/lemonsjoe.no\/en\/activites\/","title":{"rendered":"Activites"},"content":{"rendered":"\n<h1>\n\t\t\tActivities at Lemonsj\u00f8en\t<\/h1>\n\t<p>Jotunheimen and Lemonsj\u00f8en offer experiences and activities all year round!<\/p>\n<h2>\n\t\t\tWinter on Lemonsj\u00f8en\t<\/h2>\n\t\t\t\t<img decoding=\"async\" data-src=\"https:\/\/lemonsjoe.no\/wp-content\/uploads\/2016\/12\/DSC_2585-Foto-Terje-Rakke-Nordic-Life.jpg\" alt=\"Mot Lemonsj\u00f8en Alpinsenter\" itemprop=\"image\" height=\"1709\" width=\"2560\" title=\"dsc_2585-foto-terje-rakke-nordic-life\" onerror=\"this.style.display='none'\" src=\"data:image\/svg+xml;base64,PHN2ZyB3aWR0aD0iMSIgaGVpZ2h0PSIxIiB4bWxucz0iaHR0cDovL3d3dy53My5vcmcvMjAwMC9zdmciPjwvc3ZnPg==\" class=\"lazyload\" style=\"--smush-placeholder-width: 2560px; --smush-placeholder-aspect-ratio: 2560\/1709;\" \/>\n<h3>\n\t\t\tCross country skiing\t<\/h3>\n\t<p>Cross-country skiing mecca right outside the door! Beautiful terrain, varied trails, magical views that encompass Jotunheimen and Rondane.<\/p>\n\t\t\t<a href=\"https:\/\/lemonsjoe.no\/en\/cross-country-skiing\/\" target=\"_self\">\n\t\t\t\t\t\t\tRead more\n\t\t\t<\/a>\n\t\t\t\t<img decoding=\"async\" data-src=\"https:\/\/lemonsjoe.no\/wp-content\/uploads\/2019\/01\/truger-519-2.jpg\" alt=\"truger-519-2\" itemprop=\"image\" height=\"960\" width=\"1440\" title=\"truger-519-2\" onerror=\"this.style.display='none'\" src=\"data:image\/svg+xml;base64,PHN2ZyB3aWR0aD0iMSIgaGVpZ2h0PSIxIiB4bWxucz0iaHR0cDovL3d3dy53My5vcmcvMjAwMC9zdmciPjwvc3ZnPg==\" class=\"lazyload\" style=\"--smush-placeholder-width: 1440px; --smush-placeholder-aspect-ratio: 1440\/960;\" \/>\n<h3>\n\t\t\tTruger\t<\/h3>\n\t<p>Adventurous threat opportunities! Suitable for all conditions. Follow the trail or contact us for today&#8217;s snowshoeing recommendation&#8230;<\/p>\n\t\t\t<a href=\"https:\/\/lemonsjoe.no\/en\/truger\/\" target=\"_self\">\n\t\t\t\t\t\t\tRead more\n\t\t\t<\/a>\n\t\t\t\t<img decoding=\"async\" data-src=\"https:\/\/lemonsjoe.no\/wp-content\/uploads\/2016\/06\/vinter-foto.jpg\" alt=\"vinter-foto\" itemprop=\"image\" height=\"444\" width=\"666\" title=\"vinter-foto\" onerror=\"this.style.display='none'\" src=\"data:image\/svg+xml;base64,PHN2ZyB3aWR0aD0iMSIgaGVpZ2h0PSIxIiB4bWxucz0iaHR0cDovL3d3dy53My5vcmcvMjAwMC9zdmciPjwvc3ZnPg==\" class=\"lazyload\" style=\"--smush-placeholder-width: 666px; --smush-placeholder-aspect-ratio: 666\/444;\" \/>\n<h3>\n\t\t\tAlpine\t<\/h3>\n\t<p>Jotunheimen Lemonsj\u00f8en Alpinsenter offers great slopes, fantastic views and thrilling jumps!<\/p>\n\t\t\t<a href=\"https:\/\/lemonsjoe.no\/en\/lemonsjoen-alpine-center\/\" target=\"_self\">\n\t\t\t\t\t\t\tRead more\n\t\t\t<\/a>\n\t\t\t\t<img decoding=\"async\" data-src=\"https:\/\/lemonsjoe.no\/wp-content\/uploads\/2016\/06\/Terje-e1483460082664.jpg\" alt=\"Foto Terje Rakke \/ Nordic Life\" itemprop=\"image\" height=\"400\" width=\"599\" title=\"Foto Terje Rakke \/ Nordic Life\" onerror=\"this.style.display='none'\" src=\"data:image\/svg+xml;base64,PHN2ZyB3aWR0aD0iMSIgaGVpZ2h0PSIxIiB4bWxucz0iaHR0cDovL3d3dy53My5vcmcvMjAwMC9zdmciPjwvc3ZnPg==\" class=\"lazyload\" style=\"--smush-placeholder-width: 599px; --smush-placeholder-aspect-ratio: 599\/400;\" \/>\n<h3>\n\t\t\tFjellK\u00f8rling\t<\/h3>\n\t<p>From Austria to Lemonsj\u00f8en! Fun activity, we facilitate for our guests &#8211; must be booked in advance.<\/p>\n\t\t\t<a href=\"https:\/\/lemonsjoe.no\/en\/fjellkorling\/\" target=\"_self\">\n\t\t\t\t\t\t\tRead more\n\t\t\t<\/a>\n\t\t\t\t<img decoding=\"async\" data-src=\"https:\/\/lemonsjoe.no\/wp-content\/uploads\/2023\/02\/O83A9199-scaled.jpg\" alt=\"O83A9199\" itemprop=\"image\" height=\"1707\" width=\"2560\" title=\"O83A9199\" onerror=\"this.style.display='none'\" src=\"data:image\/svg+xml;base64,PHN2ZyB3aWR0aD0iMSIgaGVpZ2h0PSIxIiB4bWxucz0iaHR0cDovL3d3dy53My5vcmcvMjAwMC9zdmciPjwvc3ZnPg==\" class=\"lazyload\" style=\"--smush-placeholder-width: 2560px; --smush-placeholder-aspect-ratio: 2560\/1707;\" \/>\n<h3>\n\t\t\tDog sledding\t<\/h3>\n\t<p>A husky sled ride through the snowy landscape is an experience of a lifetime! Here with Jotunheimen as a backdrop.<\/p>\n\t\t\t<a href=\"https:\/\/lemonsjoe.no\/en\/dog-sledding\/\" target=\"_self\">\n\t\t\t\t\t\t\tRead more\n\t\t\t<\/a>\n\t\t\t\t<img decoding=\"async\" data-src=\"https:\/\/lemonsjoe.no\/wp-content\/uploads\/2016\/12\/DSC_2909-Foto-Terje-Rakke-Nordic-Life-e1482760324420.jpg\" alt=\"Egne spor ved Lemonsj\u00f8osen\" itemprop=\"image\" height=\"925\" width=\"1386\" title=\"dsc_2909-foto-terje-rakke-nordic-life\" onerror=\"this.style.display='none'\" src=\"data:image\/svg+xml;base64,PHN2ZyB3aWR0aD0iMSIgaGVpZ2h0PSIxIiB4bWxucz0iaHR0cDovL3d3dy53My5vcmcvMjAwMC9zdmciPjwvc3ZnPg==\" class=\"lazyload\" style=\"--smush-placeholder-width: 1386px; --smush-placeholder-aspect-ratio: 1386\/925;\" \/>\n<h3>\n\t\t\tThe Heimfjell race\t<\/h3>\n\tHeimfjell\u00f8pet &#8211; a ski race for everyone! V\u00e5g\u00e5 I.L. arrange the race with classes for everyone<br \/>\n(external link).\n\t\t\t<a href=\"\" target=\"_blank\" rel=\"noopener\">\n\t\t\t\t\t\t\tRead more\n\t\t\t<\/a>\n<h2>\n\t\t\tSummer and Autumn at Lemonsj\u00f8en\t<\/h2>\n<h2>\n\t\t\tViewpoint Trollh\u00f8e\t<\/h2>\n\t<p>Trollh\u00f8e (1372 m) is an unknown gem located between the mountain lakes Tesse and Lemonsj\u00f8en in V\u00e5g\u00e5 Municipality. The trip up is relatively easy, &#8220;suitable for everyone&#8221; and accessible in both summer and winter.<\/p>\n<p>At the top, you&#8217;ll find a 39-point visibility disc &#8211; the view from the top is fantastic and encompasses 3 national parks; Jotunheimen in the west, Rondane in the east and Dovre to the north!<\/p>\n\t\t\t<a href=\"https:\/\/lemonsjoe.no\/en\/viewpoint-trollhoe\/\" target=\"_self\">\n\t\t\t\t\t\t\tRead more\n\t\t\t<\/a>\n\t\t\t\t<img decoding=\"async\" data-src=\"https:\/\/lemonsjoe.no\/wp-content\/uploads\/2023\/02\/Veslevassfjellet-utsikt.jpeg\" alt=\"Veslevassfjellet utsikt\" itemprop=\"image\" height=\"213\" width=\"320\" title=\"Veslevassfjellet utsikt\" onerror=\"this.style.display='none'\" src=\"data:image\/svg+xml;base64,PHN2ZyB3aWR0aD0iMSIgaGVpZ2h0PSIxIiB4bWxucz0iaHR0cDovL3d3dy53My5vcmcvMjAwMC9zdmciPjwvc3ZnPg==\" class=\"lazyload\" style=\"--smush-placeholder-width: 320px; --smush-placeholder-aspect-ratio: 320\/213;\" \/>\n<h3>\n\t\t\tDoorstep tours\t<\/h3>\n\t<p>Our local area offers great hiking opportunities and fantastic views of Jotunheimen and Rondane.<\/p>\n\t\t\t<a href=\"https:\/\/lemonsjoe.no\/en\/doorstep-tours\/\" target=\"_self\">\n\t\t\t\t\t\t\tRead more\n\t\t\t<\/a>\n\t\t\t\t<img decoding=\"async\" data-src=\"https:\/\/lemonsjoe.no\/wp-content\/uploads\/2023\/05\/399.jpg\" alt=\"399\" itemprop=\"image\" height=\"247\" width=\"330\" title=\"399\" onerror=\"this.style.display='none'\" src=\"data:image\/svg+xml;base64,PHN2ZyB3aWR0aD0iMSIgaGVpZ2h0PSIxIiB4bWxucz0iaHR0cDovL3d3dy53My5vcmcvMjAwMC9zdmciPjwvc3ZnPg==\" class=\"lazyload\" style=\"--smush-placeholder-width: 330px; --smush-placeholder-aspect-ratio: 330\/247;\" \/>\n<h3>\n\t\t\tKalven seats\t<\/h3>\n\t<p>Urban coffee shop with pleasant activities a stone&#8217;s throw from Lemonsj\u00f8 Fjellstue. A visit to Baristabudeie is recommended!<\/p>\n\t\t\t<a href=\"https:\/\/lemonsjoe.no\/en\/kalven-seats\/\" target=\"_self\">\n\t\t\t\t\t\t\tRead more\n\t\t\t<\/a>\n\t\t\t\t<img decoding=\"async\" data-src=\"https:\/\/lemonsjoe.no\/wp-content\/uploads\/2023\/01\/SCO_28.09.1808719-scaled.jpg\" alt=\"SCO_28.09.1808719\" itemprop=\"image\" height=\"1707\" width=\"2560\" title=\"SCO_28.09.1808719\" onerror=\"this.style.display='none'\" src=\"data:image\/svg+xml;base64,PHN2ZyB3aWR0aD0iMSIgaGVpZ2h0PSIxIiB4bWxucz0iaHR0cDovL3d3dy53My5vcmcvMjAwMC9zdmciPjwvc3ZnPg==\" class=\"lazyload\" style=\"--smush-placeholder-width: 2560px; --smush-placeholder-aspect-ratio: 2560\/1707;\" \/>\n<h3>\n\t\t\tBicycle\t<\/h3>\n\t<p>Bike&amp;Hike Jotunheimen, guided tours, Mj\u00f8lkevegen, Lemonsj\u00f8 Bike Mountain&#8230; Speed in the mountains!<\/p>\n\t\t\t<a href=\"https:\/\/lemonsjoe.no\/sykkel-lemonsjoen-elsykkel-mjolkevegen\/\" target=\"_self\">\n\t\t\t\t\t\t\tRead more\n\t\t\t<\/a>\n\t\t\t\t<img decoding=\"async\" data-src=\"https:\/\/lemonsjoe.no\/wp-content\/uploads\/2023\/02\/Veodalen-scaled.jpg\" alt=\"Veodalen\" itemprop=\"image\" height=\"1917\" width=\"2560\" title=\"Veodalen\" onerror=\"this.style.display='none'\" src=\"data:image\/svg+xml;base64,PHN2ZyB3aWR0aD0iMSIgaGVpZ2h0PSIxIiB4bWxucz0iaHR0cDovL3d3dy53My5vcmcvMjAwMC9zdmciPjwvc3ZnPg==\" class=\"lazyload\" style=\"--smush-placeholder-width: 2560px; --smush-placeholder-aspect-ratio: 2560\/1917;\" \/>\n<h3>\n\t\t\tGlitter peaks\t<\/h3>\n\t<p>Glittertind, our second highest mountain, is perhaps one of Norway&#8217;s most beautiful and wildest hikes&#8230;<\/p>\n\t\t\t<a href=\"https:\/\/lemonsjoe.no\/en\/glitter-peaks\/\" target=\"_self\">\n\t\t\t\t\t\t\tRead more\n\t\t\t<\/a>\n\t\t\t\t<img decoding=\"async\" data-src=\"https:\/\/lemonsjoe.no\/wp-content\/uploads\/2023\/02\/Sjoa-Rafting-a.s..jpg\" alt=\"Sjoa Rafting a.s.\" itemprop=\"image\" height=\"526\" width=\"750\" title=\"Sjoa Rafting a.s.\" onerror=\"this.style.display='none'\" src=\"data:image\/svg+xml;base64,PHN2ZyB3aWR0aD0iMSIgaGVpZ2h0PSIxIiB4bWxucz0iaHR0cDovL3d3dy53My5vcmcvMjAwMC9zdmciPjwvc3ZnPg==\" class=\"lazyload\" style=\"--smush-placeholder-width: 750px; --smush-placeholder-aspect-ratio: 750\/526;\" \/>\n<h3>\n\t\t\tRafting and canyoning\t<\/h3>\n\t<p>Rafting in Sjoa and canyoning in Veo, exciting activities we really recommend!<\/p>\n\t\t\t<a href=\"https:\/\/lemonsjoe.no\/en\/rafting-and-canyoning\/\" target=\"_self\">\n\t\t\t\t\t\t\tRead more\n\t\t\t<\/a>\n\t\t\t\t<img decoding=\"async\" data-src=\"https:\/\/lemonsjoe.no\/wp-content\/uploads\/2023\/02\/467-scaled.jpg\" alt=\"467\" itemprop=\"image\" height=\"2560\" width=\"1920\" title=\"467\" onerror=\"this.style.display='none'\" src=\"data:image\/svg+xml;base64,PHN2ZyB3aWR0aD0iMSIgaGVpZ2h0PSIxIiB4bWxucz0iaHR0cDovL3d3dy53My5vcmcvMjAwMC9zdmciPjwvc3ZnPg==\" class=\"lazyload\" style=\"--smush-placeholder-width: 1920px; --smush-placeholder-aspect-ratio: 1920\/2560;\" \/>\n<h3>\n\t\t\tBoat rental and fishing\t<\/h3>\n\t<p>Bring your fishing rod and try your luck in Lemonsj\u00f8en or other good fishing waters nearby.<\/p>\n\t\t\t<a href=\"https:\/\/lemonsjoe.no\/en\/hunting-and-fishing\/\" target=\"_self\">\n\t\t\t\t\t\t\tRead more\n\t\t\t<\/a>\n\t\t\t\t<img decoding=\"async\" data-src=\"https:\/\/lemonsjoe.no\/wp-content\/uploads\/2023\/05\/Besseggen_Terje_Rakke_Nordic_Life.jpg\" alt=\"Turg\u00e5ere p\u00e5 vei opp Besseggen med utsikt over Gjende.\" itemprop=\"image\" height=\"418\" width=\"626\" title=\"Besseggen_Terje_Rakke_Nordic_Life\" onerror=\"this.style.display='none'\" src=\"data:image\/svg+xml;base64,PHN2ZyB3aWR0aD0iMSIgaGVpZ2h0PSIxIiB4bWxucz0iaHR0cDovL3d3dy53My5vcmcvMjAwMC9zdmciPjwvc3ZnPg==\" class=\"lazyload\" style=\"--smush-placeholder-width: 626px; --smush-placeholder-aspect-ratio: 626\/418;\" \/>\n<h3>\n\t\t\tBesseggen\t<\/h3>\n\t<p>Besseggen, a legendary adventure and experience of a lifetime. Adventurously beautiful!<\/p>\n\t\t\t<a href=\"https:\/\/lemonsjoe.no\/en\/besseggen\/\" target=\"_self\">\n\t\t\t\t\t\t\tRead more\n\t\t\t<\/a>\n\t\t\t\t<img decoding=\"async\" data-src=\"https:\/\/lemonsjoe.no\/wp-content\/uploads\/2023\/05\/416-scaled.jpg\" alt=\"416\" itemprop=\"image\" height=\"2560\" width=\"1920\" title=\"416\" onerror=\"this.style.display='none'\" src=\"data:image\/svg+xml;base64,PHN2ZyB3aWR0aD0iMSIgaGVpZ2h0PSIxIiB4bWxucz0iaHR0cDovL3d3dy53My5vcmcvMjAwMC9zdmciPjwvc3ZnPg==\" class=\"lazyload\" style=\"--smush-placeholder-width: 1920px; --smush-placeholder-aspect-ratio: 1920\/2560;\" \/>\n<h3>\n\t\t\tThe guest boat\t<\/h3>\n\t<p>&#8220;Mountain cruise&#8221; over emerald green water between mighty mountains. Book your ticket here (external link)<\/p>\n\t\t\t<a href=\"https:\/\/www.gjende.no\/\" target=\"_blank\" rel=\"noopener\">\n\t\t\t\t\t\t\tRead more\n\t\t\t<\/a>\n\t\t\t\t<img decoding=\"async\" data-src=\"https:\/\/lemonsjoe.no\/wp-content\/uploads\/2023\/01\/istunnel-landscape.jpg\" alt=\"istunnel-landscape\" itemprop=\"image\" height=\"998\" width=\"1427\" title=\"istunnel-landscape\" onerror=\"this.style.display='none'\" src=\"data:image\/svg+xml;base64,PHN2ZyB3aWR0aD0iMSIgaGVpZ2h0PSIxIiB4bWxucz0iaHR0cDovL3d3dy53My5vcmcvMjAwMC9zdmciPjwvc3ZnPg==\" class=\"lazyload\" style=\"--smush-placeholder-width: 1427px; --smush-placeholder-aspect-ratio: 1427\/998;\" \/>\n<h3>\n\t\t\tKlimapark2469\t<\/h3>\n\t<p>&#8220;Join us in the ice 7000 years eighteen in time&#8221; At the foot of Galdh\u00f8piggen (external link)<\/p>\n\t\t\t<a href=\"https:\/\/klimapark2469.no\/\" target=\"_blank\" rel=\"noopener\">\n\t\t\t\t\t\t\tRead more\n\t\t\t<\/a>\n\t\t\t\t<img decoding=\"async\" data-src=\"https:\/\/lemonsjoe.no\/wp-content\/uploads\/2023\/02\/385-scaled.jpg\" alt=\"385\" itemprop=\"image\" height=\"2560\" width=\"1920\" title=\"385\" onerror=\"this.style.display='none'\" src=\"data:image\/svg+xml;base64,PHN2ZyB3aWR0aD0iMSIgaGVpZ2h0PSIxIiB4bWxucz0iaHR0cDovL3d3dy53My5vcmcvMjAwMC9zdmciPjwvc3ZnPg==\" class=\"lazyload\" style=\"--smush-placeholder-width: 1920px; --smush-placeholder-aspect-ratio: 1920\/2560;\" \/>\n<h3>\n\t\t\tBathing\t<\/h3>\n\t<p>A refreshing dip in crystal clear, pure mountain water! The temperature varies, the possibilities are many.<\/p>\n\t\t\t<a href=\"https:\/\/lemonsjoe.no\/en\/swimming\/\" target=\"_self\">\n\t\t\t\t\t\t\tRead more\n\t\t\t<\/a>\n\t\t\t\t<img decoding=\"async\" data-src=\"https:\/\/lemonsjoe.no\/wp-content\/uploads\/2023\/02\/Elgsafari-juni-2022-skogens-konge.jpg\" alt=\"OLYMPUS DIGITAL CAMERA\" itemprop=\"image\" height=\"665\" width=\"1181\" title=\"OLYMPUS DIGITAL CAMERA\" onerror=\"this.style.display='none'\" src=\"data:image\/svg+xml;base64,PHN2ZyB3aWR0aD0iMSIgaGVpZ2h0PSIxIiB4bWxucz0iaHR0cDovL3d3dy53My5vcmcvMjAwMC9zdmciPjwvc3ZnPg==\" class=\"lazyload\" style=\"--smush-placeholder-width: 1181px; --smush-placeholder-aspect-ratio: 1181\/665;\" \/>\n<h3>\n\t\t\tMoose safari\t<\/h3>\n\t<p>The king of the forest is an amazing sight! Our area is rich in wildlife and we offer our guests self-guided tours during the summer.<\/p>\n\t\t\t<a href=\"https:\/\/lemonsjoe.no\/en\/moose-safari\/\" target=\"_self\">\n\t\t\t\t\t\t\tRead more\n\t\t\t<\/a>\n\t\t\t\t<img decoding=\"async\" data-src=\"https:\/\/lemonsjoe.no\/wp-content\/uploads\/2023\/01\/SCO_28.09.1808562-scaled.jpg\" alt=\"SCO_28.09.1808562\" itemprop=\"image\" height=\"1919\" width=\"2560\" title=\"SCO_28.09.1808562\" onerror=\"this.style.display='none'\" src=\"data:image\/svg+xml;base64,PHN2ZyB3aWR0aD0iMSIgaGVpZ2h0PSIxIiB4bWxucz0iaHR0cDovL3d3dy53My5vcmcvMjAwMC9zdmciPjwvc3ZnPg==\" class=\"lazyload\" style=\"--smush-placeholder-width: 2560px; --smush-placeholder-aspect-ratio: 2560\/1919;\" \/>\n<h3>\n\t\t\tJotunheimen National Park\t<\/h3>\n\t<p>In 1862, Aasmund Olavsson Vinje named these mountains &#8220;J\u00f8tunheimen&#8221;.<\/p>\n\t\t\t<a href=\"https:\/\/lemonsjoe.no\/en\/jotunheimen-national-park\/\" target=\"_self\">\n\t\t\t\t\t\t\tRead more\n\t\t\t<\/a>\n\n","protected":false},"excerpt":{"rendered":"<p>Activities at Lemonsj\u00f8en Jotunheimen and Lemonsj\u00f8en offer experiences and activities all year round! Winter on Lemonsj\u00f8en Cross country skiing Cross-country skiing mecca right outside the door! Beautiful terrain, varied trails, magical views that encompass Jotunheimen and Rondane. Read more Truger Adventurous threat opportunities! Suitable for all conditions. Follow the trail or contact us for today&#8217;s&hellip;<\/p>\n","protected":false},"author":2,"featured_media":0,"parent":0,"menu_order":0,"comment_status":"closed","ping_status":"closed","template":"","meta":{"_acf_changed":false,"footnotes":""},"class_list":["post-15725","page","type-page","status-publish","hentry"],"acf":[],"_links":{"self":[{"href":"https:\/\/lemonsjoe.no\/en\/wp-json\/wp\/v2\/pages\/15725","targetHints":{"allow":["GET"]}}],"collection":[{"href":"https:\/\/lemonsjoe.no\/en\/wp-json\/wp\/v2\/pages"}],"about":[{"href":"https:\/\/lemonsjoe.no\/en\/wp-json\/wp\/v2\/types\/page"}],"author":[{"embeddable":true,"href":"https:\/\/lemonsjoe.no\/en\/wp-json\/wp\/v2\/users\/2"}],"replies":[{"embeddable":true,"href":"https:\/\/lemonsjoe.no\/en\/wp-json\/wp\/v2\/comments?post=15725"}],"version-history":[{"count":1,"href":"https:\/\/lemonsjoe.no\/en\/wp-json\/wp\/v2\/pages\/15725\/revisions"}],"predecessor-version":[{"id":23308,"href":"https:\/\/lemonsjoe.no\/en\/wp-json\/wp\/v2\/pages\/15725\/revisions\/23308"}],"wp:attachment":[{"href":"https:\/\/lemonsjoe.no\/en\/wp-json\/wp\/v2\/media?parent=15725"}],"curies":[{"name":"wp","href":"https:\/\/api.w.org\/{rel}","templated":true}]}}